{"id":3,"date":"2023-06-19T09:13:28","date_gmt":"2023-06-19T09:13:28","guid":{"rendered":"https:\/\/psicoanalisis-hoy.com\/?page_id=3"},"modified":"2025-01-30T11:58:59","modified_gmt":"2025-01-30T11:58:59","slug":"impressum-datenschutz","status":"publish","type":"page","link":"https:\/\/psicoanalisis-hoy.com\/es\/impressum-datenschutz\/","title":{"rendered":"Imprimir &amp; Protecci\u00f3n de Datos"},"content":{"rendered":"<h2 class=\"wp-block-heading\">Imprimir<\/h2>\n\n\n\n<p>informaci\u00f3n seg\u00fan \u00a7 5 TMG:<br>Cynthia Carol Berman-Gerber<br>Pestalozzistra\u00dfe 99<br>10625 Berlin<\/p>\n\n\n\n<p>tel\u00e9fono: +49 176 72384081<br>E-Mail: <a href=\"mailto:info@psicoanalisis-hoy.com\">info@psicoanalisis-hoy.com<\/a><\/p>\n\n\n\n<p><strong>Autoridad supervisora<\/strong><br>Landesamt f\u00fcr Gesundheit und Soziales, Berlin<\/p>\n\n\n\n<p><strong>T\u00edtulo profesional<\/strong><br>Diplom-Psychologin (Freie Universit\u00e4t Berlin)<br>Heilpraktiker f\u00fcr Psychotherapie (Bezirksamt Lichtenberg von Berlin, Gesundheitsamt)<\/p>\n\n\n\n<p><strong>Webseite<\/strong><br><a href=\"https:\/\/b-utop.de\">B_UTOP<\/a><\/p>\n\n\n<style>.wp-block-kadence-spacer.kt-block-spacer-3_7b6690-b3 .kt-block-spacer{height:60px;}.wp-block-kadence-spacer.kt-block-spacer-3_7b6690-b3 .kt-divider{border-top-width:1px;height:1px;border-top-color:#eee;width:80%;border-top-style:solid;}<\/style>\n<div class=\"wp-block-kadence-spacer aligncenter kt-block-spacer-3_7b6690-b3\"><div class=\"kt-block-spacer kt-block-spacer-halign-center\"><hr class=\"kt-divider\"\/><\/div><\/div>\n\n\n\n<h2 class=\"wp-block-heading\">Protecci\u00f3n de Datos<\/h2>\n\n\n\n<p>Der Schutz Ihrer pers\u00f6nlichen Daten ist uns wichtig, so werden Ihre personenbezogenen Daten vertraulich und entsprechend der gesetzlichen Datenschutzvorschriften sowie dieser Datenschutzerkl\u00e4rung behandelt.<\/p>\n\n\n\n<p>Wenn Sie die Website www.psicoanalisis-hoy.com benutzen, werden verschiedene personenbezogene Daten erhoben. Personenbezogene Daten sind Daten, mit denen Sie pers\u00f6nlich identifiziert werden k\u00f6nnen. Die vorliegende Datenschutzerkl\u00e4rung erl\u00e4utert, welche Daten erhoben werden und wof\u00fcr sie genutzt werden. Sie erl\u00e4utert auch, wie und zu welchem Zweck das geschieht.<\/p>\n\n\n\n<h2 class=\"wp-block-heading\">Auskunft, Sperrung, L\u00f6schung<\/h2>\n\n\n\n<p>Sie haben im Rahmen der geltenden gesetzlichen Bestimmungen jederzeit das Recht auf unentgeltliche Auskunft \u00fcber Ihre gespeicherten personenbezogenen Daten, deren Herkunft und Empf\u00e4nger und den Zweck der Datenverarbeitung und ggf. ein Recht auf Berichtigung, Sperrung oder L\u00f6schung dieser Daten. Hierzu sowie zu weiteren Fragen zum Thema personenbezogene Daten k\u00f6nnen Sie sich jederzeit an uns wenden.<\/p>\n\n\n\n<h2 class=\"wp-block-heading\">Hinweis zur verantwortlichen Stelle<\/h2>\n\n\n\n<p>Die verantwortliche Stelle f\u00fcr die Datenverarbeitung auf dieser Website ist:<br>Cynthia Carol Berman-Gerber<br>Pestalozzistra\u00dfe 99<br>10625 Berlin<br>Deutschland<br>E-Mail: info@psicoanalisis-hoy.com<\/p>\n\n\n\n<h2 class=\"wp-block-heading\">Widerruf ihrer Einwilligung zur Datenverarbeitung<\/h2>\n\n\n\n<p>Viele Datenverarbeitungsvorg\u00e4nge sind nur mit Ihrer ausdr\u00fccklichen Einwilligung m\u00f6glich. Sie k\u00f6nnen eine bereits erteilte Einwilligung jederzeit widerrufen. Dazu reicht eine formlose Mitteilung per E-Mail an uns. Die Rechtm\u00e4\u00dfigkeit der bis zum Widerruf erfolgten Datenverarbeitung bleibt vom Widerruf unber\u00fchrt.<\/p>\n\n\n\n<h2 class=\"wp-block-heading\">SSL- bzw. TLS-Verschl\u00fcsselung<\/h2>\n\n\n\n<p>Diese Seite nutzt aus Sicherheitsgr\u00fcnden und zum Schutz der \u00dcbertragung vertraulicher Inhalte, wie zum Beispiel Bestellungen oder Anfragen, die Sie an mich als Seitenbetreiber senden, eine SSL-Verschl\u00fcsselung. Eine verschl\u00fcsselte Verbindung erkennen Sie daran, dass die Adresszeile des Browsers von \u201chttp\u201d auf \u201chttps\u201d wechselt und an dem Schloss-Symbol in Ihrer Browserzeile. Wenn die SSL- bzw. TLS-Verschl\u00fcsselung aktiviert ist, k\u00f6nnen die Daten, die Sie \u00fcbermitteln, nicht von Dritten mitgelesen werden.<\/p>\n\n\n\n<h2 class=\"wp-block-heading\">Server-Log-Dateien<\/h2>\n\n\n\n<p>Der Provider der Seiten erhebt und speichert automatisch Informationen in so genannten Server-Log-Dateien, die Ihr Browser automatisch \u00fcbermittelt. Dies sind: Browsertyp und Browserversion, verwendetes Betriebssystem, Referrer URL, Hostname des zugreifenden Rechners, Uhrzeit der Serveranfrage und die IP-Adresse. Eine Zusammenf\u00fchrung dieser Daten mit anderen Datenquellen wird nicht vorgenommen.<\/p>","protected":false},"excerpt":{"rendered":"<p>Impressum Angaben gem. \u00a7 5 TMG:Cynthia Carol Berman-GerberPestalozzistra\u00dfe 9910625 Berlin Telefon: +49 176 72384081E-Mail: info@psicoanalisis-hoy.com Aufsichtsbeh\u00f6rdeLandesamt f\u00fcr Gesundheit und Soziales, Berlin BerufsbezeichnungDiplom-Psychologin (Freie Universit\u00e4t Berlin)Heilpraktiker f\u00fcr Psychotherapie (Bezirksamt Lichtenberg von Berlin, Gesundheitsamt) WebseiteB_UTOP Datenschutz Der Schutz Ihrer pers\u00f6nlichen Daten ist uns wichtig, so werden Ihre personenbezogenen Daten vertraulich und entsprechend der gesetzlichen Datenschutzvorschriften sowie dieser&#8230;<\/p>","protected":false},"author":1,"featured_media":0,"parent":0,"menu_order":0,"comment_status":"closed","ping_status":"closed","template":"","meta":{"_kad_post_transparent":"","_kad_post_title":"","_kad_post_layout":"","_kad_post_sidebar_id":"","_kad_post_content_style":"","_kad_post_vertical_padding":"","_kad_post_feature":"","_kad_post_feature_position":"","_kad_post_header":false,"_kad_post_footer":false,"_kad_post_classname":"","footnotes":""},"class_list":["post-3","page","type-page","status-publish","hentry"],"yoast_head":"<!-- This site is optimized with the Yoast SEO plugin v27.5 - https:\/\/yoast.com\/product\/yoast-seo-wordpress\/ -->\n<title>Impressum &amp; Datenschutz - Cynthia Berman-Gerber<\/title>\n<meta name=\"description\" content=\"Impressum, Kontakt &amp; Datenschutz\" \/>\n<meta name=\"robots\" content=\"index, follow, max-snippet:-1, max-image-preview:large, max-video-preview:-1\" \/>\n<link rel=\"canonical\" href=\"https:\/\/psicoanalisis-hoy.com\/es\/impressum-datenschutz\/\" \/>\n<meta property=\"og:locale\" content=\"es_ES\" \/>\n<meta property=\"og:type\" content=\"article\" \/>\n<meta property=\"og:title\" content=\"Impressum &amp; Datenschutz - Cynthia Berman-Gerber\" \/>\n<meta property=\"og:description\" content=\"Impressum, Kontakt &amp; Datenschutz\" \/>\n<meta property=\"og:url\" content=\"https:\/\/psicoanalisis-hoy.com\/es\/impressum-datenschutz\/\" \/>\n<meta property=\"og:site_name\" content=\"Cynthia Berman-Gerber\" \/>\n<meta property=\"article:modified_time\" content=\"2025-01-30T11:58:59+00:00\" \/>\n<meta name=\"twitter:card\" content=\"summary_large_image\" \/>\n<meta name=\"twitter:label1\" content=\"Tiempo de lectura\" \/>\n\t<meta name=\"twitter:data1\" content=\"2 minutos\" \/>\n<script type=\"application\/ld+json\" class=\"yoast-schema-graph\">{\"@context\":\"https:\\\/\\\/schema.org\",\"@graph\":[{\"@type\":\"WebPage\",\"@id\":\"https:\\\/\\\/psicoanalisis-hoy.com\\\/impressum-datenschutz\\\/\",\"url\":\"https:\\\/\\\/psicoanalisis-hoy.com\\\/impressum-datenschutz\\\/\",\"name\":\"Impressum & Datenschutz - Cynthia Berman-Gerber\",\"isPartOf\":{\"@id\":\"https:\\\/\\\/psicoanalisis-hoy.com\\\/de\\\/#website\"},\"datePublished\":\"2023-06-19T09:13:28+00:00\",\"dateModified\":\"2025-01-30T11:58:59+00:00\",\"description\":\"Impressum, Kontakt & Datenschutz\",\"breadcrumb\":{\"@id\":\"https:\\\/\\\/psicoanalisis-hoy.com\\\/impressum-datenschutz\\\/#breadcrumb\"},\"inLanguage\":\"es\",\"potentialAction\":[{\"@type\":\"ReadAction\",\"target\":[\"https:\\\/\\\/psicoanalisis-hoy.com\\\/impressum-datenschutz\\\/\"]}]},{\"@type\":\"BreadcrumbList\",\"@id\":\"https:\\\/\\\/psicoanalisis-hoy.com\\\/impressum-datenschutz\\\/#breadcrumb\",\"itemListElement\":[{\"@type\":\"ListItem\",\"position\":1,\"name\":\"Startseite\",\"item\":\"https:\\\/\\\/psicoanalisis-hoy.com\\\/\"},{\"@type\":\"ListItem\",\"position\":2,\"name\":\"Impressum &#038; Datenschutz\"}]},{\"@type\":\"WebSite\",\"@id\":\"https:\\\/\\\/psicoanalisis-hoy.com\\\/de\\\/#website\",\"url\":\"https:\\\/\\\/psicoanalisis-hoy.com\\\/de\\\/\",\"name\":\"Cynthia Berman-Gerber\",\"description\":\"Diplom-Psychologin\",\"publisher\":{\"@id\":\"https:\\\/\\\/psicoanalisis-hoy.com\\\/de\\\/#\\\/schema\\\/person\\\/e88b0d0260dd656c7481596dccf3f722\"},\"potentialAction\":[{\"@type\":\"SearchAction\",\"target\":{\"@type\":\"EntryPoint\",\"urlTemplate\":\"https:\\\/\\\/psicoanalisis-hoy.com\\\/de\\\/?s={search_term_string}\"},\"query-input\":{\"@type\":\"PropertyValueSpecification\",\"valueRequired\":true,\"valueName\":\"search_term_string\"}}],\"inLanguage\":\"es\"},{\"@type\":[\"Person\",\"Organization\"],\"@id\":\"https:\\\/\\\/psicoanalisis-hoy.com\\\/de\\\/#\\\/schema\\\/person\\\/e88b0d0260dd656c7481596dccf3f722\",\"name\":\"Cynthia\",\"logo\":{\"@id\":\"https:\\\/\\\/psicoanalisis-hoy.com\\\/de\\\/#\\\/schema\\\/person\\\/image\\\/\"}}]}<\/script>\n<!-- \/ Yoast SEO plugin. -->","yoast_head_json":{"title":"Impressum & Datenschutz - Cynthia Berman-Gerber","description":"Impressum, Kontakt & Datenschutz","robots":{"index":"index","follow":"follow","max-snippet":"max-snippet:-1","max-image-preview":"max-image-preview:large","max-video-preview":"max-video-preview:-1"},"canonical":"https:\/\/psicoanalisis-hoy.com\/es\/impressum-datenschutz\/","og_locale":"es_ES","og_type":"article","og_title":"Impressum & Datenschutz - Cynthia Berman-Gerber","og_description":"Impressum, Kontakt & Datenschutz","og_url":"https:\/\/psicoanalisis-hoy.com\/es\/impressum-datenschutz\/","og_site_name":"Cynthia Berman-Gerber","article_modified_time":"2025-01-30T11:58:59+00:00","twitter_card":"summary_large_image","twitter_misc":{"Tiempo de lectura":"2 minutos"},"schema":{"@context":"https:\/\/schema.org","@graph":[{"@type":"WebPage","@id":"https:\/\/psicoanalisis-hoy.com\/impressum-datenschutz\/","url":"https:\/\/psicoanalisis-hoy.com\/impressum-datenschutz\/","name":"Impressum & Datenschutz - Cynthia Berman-Gerber","isPartOf":{"@id":"https:\/\/psicoanalisis-hoy.com\/de\/#website"},"datePublished":"2023-06-19T09:13:28+00:00","dateModified":"2025-01-30T11:58:59+00:00","description":"Impressum, Kontakt & Datenschutz","breadcrumb":{"@id":"https:\/\/psicoanalisis-hoy.com\/impressum-datenschutz\/#breadcrumb"},"inLanguage":"es","potentialAction":[{"@type":"ReadAction","target":["https:\/\/psicoanalisis-hoy.com\/impressum-datenschutz\/"]}]},{"@type":"BreadcrumbList","@id":"https:\/\/psicoanalisis-hoy.com\/impressum-datenschutz\/#breadcrumb","itemListElement":[{"@type":"ListItem","position":1,"name":"Startseite","item":"https:\/\/psicoanalisis-hoy.com\/"},{"@type":"ListItem","position":2,"name":"Impressum &#038; Datenschutz"}]},{"@type":"WebSite","@id":"https:\/\/psicoanalisis-hoy.com\/de\/#website","url":"https:\/\/psicoanalisis-hoy.com\/de\/","name":"Cynthia Berman-Gerber","description":"Diplom-Psychologin","publisher":{"@id":"https:\/\/psicoanalisis-hoy.com\/de\/#\/schema\/person\/e88b0d0260dd656c7481596dccf3f722"},"potentialAction":[{"@type":"SearchAction","target":{"@type":"EntryPoint","urlTemplate":"https:\/\/psicoanalisis-hoy.com\/de\/?s={search_term_string}"},"query-input":{"@type":"PropertyValueSpecification","valueRequired":true,"valueName":"search_term_string"}}],"inLanguage":"es"},{"@type":["Person","Organization"],"@id":"https:\/\/psicoanalisis-hoy.com\/de\/#\/schema\/person\/e88b0d0260dd656c7481596dccf3f722","name":"Cynthia","logo":{"@id":"https:\/\/psicoanalisis-hoy.com\/de\/#\/schema\/person\/image\/"}}]}},"_links":{"self":[{"href":"https:\/\/psicoanalisis-hoy.com\/es\/wp-json\/wp\/v2\/pages\/3","targetHints":{"allow":["GET"]}}],"collection":[{"href":"https:\/\/psicoanalisis-hoy.com\/es\/wp-json\/wp\/v2\/pages"}],"about":[{"href":"https:\/\/psicoanalisis-hoy.com\/es\/wp-json\/wp\/v2\/types\/page"}],"author":[{"embeddable":true,"href":"https:\/\/psicoanalisis-hoy.com\/es\/wp-json\/wp\/v2\/users\/1"}],"replies":[{"embeddable":true,"href":"https:\/\/psicoanalisis-hoy.com\/es\/wp-json\/wp\/v2\/comments?post=3"}],"version-history":[{"count":5,"href":"https:\/\/psicoanalisis-hoy.com\/es\/wp-json\/wp\/v2\/pages\/3\/revisions"}],"predecessor-version":[{"id":238,"href":"https:\/\/psicoanalisis-hoy.com\/es\/wp-json\/wp\/v2\/pages\/3\/revisions\/238"}],"wp:attachment":[{"href":"https:\/\/psicoanalisis-hoy.com\/es\/wp-json\/wp\/v2\/media?parent=3"}],"curies":[{"name":"wp","href":"https:\/\/api.w.org\/{rel}","templated":true}]}}